{"id":400,"date":"2026-04-19T09:44:52","date_gmt":"2026-04-19T07:44:52","guid":{"rendered":"https:\/\/demainsite.fr\/actidem\/?page_id=400"},"modified":"2026-04-19T10:28:09","modified_gmt":"2026-04-19T08:28:09","slug":"pour-vos-receptions","status":"publish","type":"page","link":"https:\/\/demainsite.fr\/actidem\/za-location\/pour-vos-receptions\/","title":{"rendered":"Pour vos r\u00e9ceptions"},"content":{"rendered":"<div class=\"et_pb_section_0 et_pb_section et_section_regular et_flex_section section_has_divider et_pb_bottom_divider\">\n<div class=\"et_pb_row_0 et_pb_row et_flex_row\">\n<div class=\"et_pb_column_0 et_pb_column et-last-child et_flex_column et_pb_css_mix_blend_mode_passthrough et_flex_column_24_24 et_flex_column_24_24_tablet et_flex_column_24_24_phone\">\n<div class=\"et_pb_post_title_0 et_pb_post_title et_pb_bg_layout_light et_pb_text_align_center et_pb_module et_flex_module\"><div class=\"et_pb_title_container\"><h1 class=\"entry-title\">Pour vos r\u00e9ceptions<\/h1><\/div><\/div>\n\n<div class=\"et_pb_text_0 et_pb_text et_pb_bg_layout_light et_pb_module et_flex_module\"><div class=\"et_pb_text_inner\"><p>Tarifs pour le WEEK-END<\/p>\n<\/div><\/div>\n<\/div>\n<\/div>\n<div class=\"et_pb_bottom_inside_divider et-no-transition\"><\/div><\/div>\n\n<div class=\"et_pb_section_1 et_pb_section et_section_regular et_flex_section section_has_divider et_pb_top_divider\"><div class=\"et_pb_top_inside_divider et-no-transition\"><\/div>\n<div class=\"et_pb_row_1 et_pb_row et_flex_row\">\n<div class=\"et_pb_column_1 et_pb_column et_flex_column et_pb_css_mix_blend_mode_passthrough et_flex_column_18_24 et_flex_column_18_24_tablet et_flex_column_24_24_phone\">\n<ul class=\"et_pb_icon_list_0 et_pb_icon_list et_pb_module et_flex_module\">\n<li class=\"et_pb_icon_list_item_0 et_pb_icon_list_item et_pb_module et_flex_module\"><span class=\"et-pb-icon\">N<\/span><div class=\"et_pb_icon_list_text\">20 tables, 100 chaises. (1 tables + 6 chaises)<\/div><\/li>\n<\/ul>\n<\/div>\n\n<div class=\"et_pb_column_2 et_pb_column et-last-child et_flex_column et_pb_css_mix_blend_mode_passthrough et_flex_column_6_24 et_flex_column_6_24_tablet et_flex_column_24_24_phone\">\n<div class=\"et_pb_text_1 et_pb_text et_pb_bg_layout_light et_pb_module et_flex_module\"><div class=\"et_pb_text_inner\"><p>20 \u20ac<\/p>\n<\/div><\/div>\n<\/div>\n<\/div>\n\n<div class=\"et_pb_row_2 et_pb_row et_flex_row\">\n<div class=\"et_pb_column_3 et_pb_column et_flex_column et_pb_css_mix_blend_mode_passthrough et_flex_column_18_24 et_flex_column_18_24_tablet et_flex_column_24_24_phone\">\n<ul class=\"et_pb_icon_list_1 et_pb_icon_list et_pb_module et_flex_module\">\n<li class=\"et_pb_icon_list_item_1 et_pb_icon_list_item et_pb_module et_flex_module\"><span class=\"et-pb-icon\">N<\/span><div class=\"et_pb_icon_list_text\">10 mange de bout + housse. (1 mange debout + housse) <\/div><\/li>\n<\/ul>\n<\/div>\n\n<div class=\"et_pb_column_4 et_pb_column et-last-child et_flex_column et_pb_css_mix_blend_mode_passthrough et_flex_column_6_24 et_flex_column_6_24_tablet et_flex_column_24_24_phone\">\n<div class=\"et_pb_text_2 et_pb_text et_pb_bg_layout_light et_pb_module et_flex_module\"><div class=\"et_pb_text_inner\"><p>6 \u20ac<\/p>\n<\/div><\/div>\n<\/div>\n<\/div>\n\n<div class=\"et_pb_row_3 et_pb_row et_flex_row\">\n<div class=\"et_pb_column_5 et_pb_column et_flex_column et_pb_css_mix_blend_mode_passthrough et_flex_column_18_24 et_flex_column_18_24_tablet et_flex_column_24_24_phone\">\n<ul class=\"et_pb_icon_list_2 et_pb_icon_list et_pb_module et_flex_module\">\n<li class=\"et_pb_icon_list_item_2 et_pb_icon_list_item et_pb_module et_flex_module\"><span class=\"et-pb-icon\">N<\/span><div class=\"et_pb_icon_list_text\">Tonnelles de r\u00e9ception (1 tonelle 6 M\u00e9tres x 3 M\u00e9tres)<\/div><\/li>\n<\/ul>\n<\/div>\n\n<div class=\"et_pb_column_6 et_pb_column et-last-child et_flex_column et_pb_css_mix_blend_mode_passthrough et_flex_column_6_24 et_flex_column_6_24_tablet et_flex_column_24_24_phone\">\n<div class=\"et_pb_text_3 et_pb_text et_pb_bg_layout_light et_pb_module et_flex_module\"><div class=\"et_pb_text_inner\"><p>50 \u20ac<\/p>\n<\/div><\/div>\n<\/div>\n<\/div>\n\n<div class=\"et_pb_row_4 et_pb_row et_flex_row\">\n<div class=\"et_pb_column_7 et_pb_column et_flex_column et_pb_css_mix_blend_mode_passthrough et_flex_column_18_24 et_flex_column_18_24_tablet et_flex_column_24_24_phone\">\n<ul class=\"et_pb_icon_list_3 et_pb_icon_list et_pb_module et_flex_module\">\n<li class=\"et_pb_icon_list_item_3 et_pb_icon_list_item et_pb_module et_flex_module\"><span class=\"et-pb-icon\">N<\/span><div class=\"et_pb_icon_list_text\">Friteuse pro \u00e9lectique 3500 W (2x8 Litres)<\/div><\/li>\n<\/ul>\n<\/div>\n\n<div class=\"et_pb_column_8 et_pb_column et-last-child et_flex_column et_pb_css_mix_blend_mode_passthrough et_flex_column_6_24 et_flex_column_6_24_tablet et_flex_column_24_24_phone\">\n<div class=\"et_pb_text_4 et_pb_text et_pb_bg_layout_light et_pb_module et_flex_module\"><div class=\"et_pb_text_inner\"><p>40 \u20ac<\/p>\n<\/div><\/div>\n<\/div>\n<\/div>\n\n<div class=\"et_pb_row_5 et_pb_row et_flex_row\">\n<div class=\"et_pb_column_9 et_pb_column et_flex_column et_pb_css_mix_blend_mode_passthrough et_flex_column_18_24 et_flex_column_18_24_tablet et_flex_column_24_24_phone\">\n<ul class=\"et_pb_icon_list_4 et_pb_icon_list et_pb_module et_flex_module\">\n<li class=\"et_pb_icon_list_item_4 et_pb_icon_list_item et_pb_module et_flex_module\"><span class=\"et-pb-icon\">N<\/span><div class=\"et_pb_icon_list_text\">Plancha gaz butane<\/div><\/li>\n<\/ul>\n<\/div>\n\n<div class=\"et_pb_column_10 et_pb_column et-last-child et_flex_column et_pb_css_mix_blend_mode_passthrough et_flex_column_6_24 et_flex_column_6_24_tablet et_flex_column_24_24_phone\">\n<div class=\"et_pb_text_5 et_pb_text et_pb_bg_layout_light et_pb_module et_flex_module\"><div class=\"et_pb_text_inner\"><p>40 \u20ac<\/p>\n<\/div><\/div>\n<\/div>\n<\/div>\n\n<div class=\"et_pb_row_6 et_pb_row et_flex_row\">\n<div class=\"et_pb_column_11 et_pb_column et_flex_column et_pb_css_mix_blend_mode_passthrough et_flex_column_18_24 et_flex_column_18_24_tablet et_flex_column_24_24_phone\">\n<ul class=\"et_pb_icon_list_5 et_pb_icon_list et_pb_module et_flex_module\">\n<li class=\"et_pb_icon_list_item_5 et_pb_icon_list_item et_pb_module et_flex_module\"><span class=\"et-pb-icon\">N<\/span><div class=\"et_pb_icon_list_text\">Tourne broche 70 Kg<\/div><\/li>\n<\/ul>\n<\/div>\n\n<div class=\"et_pb_column_12 et_pb_column et-last-child et_flex_column et_pb_css_mix_blend_mode_passthrough et_flex_column_6_24 et_flex_column_6_24_tablet et_flex_column_24_24_phone\">\n<div class=\"et_pb_text_6 et_pb_text et_pb_bg_layout_light et_pb_module et_flex_module\"><div class=\"et_pb_text_inner\"><p>70 \u20ac<\/p>\n<\/div><\/div>\n<\/div>\n<\/div>\n\n<div class=\"et_pb_row_7 et_pb_row et_flex_row\">\n<div class=\"et_pb_column_13 et_pb_column et_flex_column et_pb_css_mix_blend_mode_passthrough et_flex_column_18_24 et_flex_column_18_24_tablet et_flex_column_24_24_phone\">\n<ul class=\"et_pb_icon_list_6 et_pb_icon_list et_pb_module et_flex_module\">\n<li class=\"et_pb_icon_list_item_6 et_pb_icon_list_item et_pb_module et_flex_module\"><span class=\"et-pb-icon\">N<\/span><div class=\"et_pb_icon_list_text\">Tourne broche 40 Kg<\/div><\/li>\n<\/ul>\n<\/div>\n\n<div class=\"et_pb_column_14 et_pb_column et-last-child et_flex_column et_pb_css_mix_blend_mode_passthrough et_flex_column_6_24 et_flex_column_6_24_tablet et_flex_column_24_24_phone\">\n<div class=\"et_pb_text_7 et_pb_text et_pb_bg_layout_light et_pb_module et_flex_module\"><div class=\"et_pb_text_inner\"><p>40 \u20ac<\/p>\n<\/div><\/div>\n<\/div>\n<\/div>\n\n<div class=\"et_pb_row_8 et_pb_row et_flex_row\">\n<div class=\"et_pb_column_15 et_pb_column et_flex_column et_pb_css_mix_blend_mode_passthrough et_flex_column_18_24 et_flex_column_18_24_tablet et_flex_column_24_24_phone\">\n<ul class=\"et_pb_icon_list_7 et_pb_icon_list et_pb_module et_flex_module\">\n<li class=\"et_pb_icon_list_item_7 et_pb_icon_list_item et_pb_module et_flex_module\"><span class=\"et-pb-icon\">N<\/span><div class=\"et_pb_icon_list_text\">Groupe frigo 3 Portes<\/div><\/li>\n<\/ul>\n<\/div>\n\n<div class=\"et_pb_column_16 et_pb_column et-last-child et_flex_column et_pb_css_mix_blend_mode_passthrough et_flex_column_6_24 et_flex_column_6_24_tablet et_flex_column_24_24_phone\">\n<div class=\"et_pb_text_8 et_pb_text et_pb_bg_layout_light et_pb_module et_flex_module\"><div class=\"et_pb_text_inner\"><p>50 \u20ac<\/p>\n<\/div><\/div>\n<\/div>\n<\/div>\n\n<div class=\"et_pb_row_9 et_pb_row et_flex_row\">\n<div class=\"et_pb_column_17 et_pb_column et_flex_column et_pb_css_mix_blend_mode_passthrough et_flex_column_18_24 et_flex_column_18_24_tablet et_flex_column_24_24_phone\">\n<ul class=\"et_pb_icon_list_8 et_pb_icon_list et_pb_module et_flex_module\">\n<li class=\"et_pb_icon_list_item_8 et_pb_icon_list_item et_pb_module et_flex_module\"><span class=\"et-pb-icon\">N<\/span><div class=\"et_pb_icon_list_text\">Po\u00ealon paella 100 personnes<\/div><\/li>\n<\/ul>\n<\/div>\n\n<div class=\"et_pb_column_18 et_pb_column et-last-child et_flex_column et_pb_css_mix_blend_mode_passthrough et_flex_column_6_24 et_flex_column_6_24_tablet et_flex_column_24_24_phone\">\n<div class=\"et_pb_text_9 et_pb_text et_pb_bg_layout_light et_pb_module et_flex_module\"><div class=\"et_pb_text_inner\"><p>50 \u20ac<\/p>\n<\/div><\/div>\n<\/div>\n<\/div>\n\n<div class=\"et_pb_row_10 et_pb_row et_flex_row\">\n<div class=\"et_pb_column_19 et_pb_column et_flex_column et_pb_css_mix_blend_mode_passthrough et_flex_column_18_24 et_flex_column_18_24_tablet et_flex_column_24_24_phone\">\n<ul class=\"et_pb_icon_list_9 et_pb_icon_list et_pb_module et_flex_module\">\n<li class=\"et_pb_icon_list_item_9 et_pb_icon_list_item et_pb_module et_flex_module\"><span class=\"et-pb-icon\">N<\/span><div class=\"et_pb_icon_list_text\">Percolateur caf\u00e9 15 litres<\/div><\/li>\n<\/ul>\n<\/div>\n\n<div class=\"et_pb_column_20 et_pb_column et-last-child et_flex_column et_pb_css_mix_blend_mode_passthrough et_flex_column_6_24 et_flex_column_6_24_tablet et_flex_column_24_24_phone\">\n<div class=\"et_pb_text_10 et_pb_text et_pb_bg_layout_light et_pb_module et_flex_module\"><div class=\"et_pb_text_inner\"><p>30 \u20ac<\/p>\n<\/div><\/div>\n<\/div>\n<\/div>\n\n<div class=\"et_pb_row_11 et_pb_row et_flex_row\">\n<div class=\"et_pb_column_21 et_pb_column et_flex_column et_pb_css_mix_blend_mode_passthrough et_flex_column_18_24 et_flex_column_18_24_tablet et_flex_column_24_24_phone\">\n<ul class=\"et_pb_icon_list_10 et_pb_icon_list et_pb_module et_flex_module\">\n<li class=\"et_pb_icon_list_item_10 et_pb_icon_list_item et_pb_module et_flex_module\"><span class=\"et-pb-icon\">N<\/span><div class=\"et_pb_icon_list_text\">Percolateur vin chaud 10 Litres<\/div><\/li>\n<\/ul>\n<\/div>\n\n<div class=\"et_pb_column_22 et_pb_column et-last-child et_flex_column et_pb_css_mix_blend_mode_passthrough et_flex_column_6_24 et_flex_column_6_24_tablet et_flex_column_24_24_phone\">\n<div class=\"et_pb_text_11 et_pb_text et_pb_bg_layout_light et_pb_module et_flex_module\"><div class=\"et_pb_text_inner\"><p>30 \u20ac<\/p>\n<\/div><\/div>\n<\/div>\n<\/div>\n\n<div class=\"et_pb_row_12 et_pb_row et_flex_row\">\n<div class=\"et_pb_column_23 et_pb_column et_flex_column et_pb_css_mix_blend_mode_passthrough et_flex_column_18_24 et_flex_column_18_24_tablet et_flex_column_24_24_phone\">\n<ul class=\"et_pb_icon_list_11 et_pb_icon_list et_pb_module et_flex_module\">\n<li class=\"et_pb_icon_list_item_11 et_pb_icon_list_item et_pb_module et_flex_module\"><span class=\"et-pb-icon\">N<\/span><div class=\"et_pb_icon_list_text\">Machine Pop-corn<\/div><\/li>\n<\/ul>\n<\/div>\n\n<div class=\"et_pb_column_24 et_pb_column et-last-child et_flex_column et_pb_css_mix_blend_mode_passthrough et_flex_column_6_24 et_flex_column_6_24_tablet et_flex_column_24_24_phone\">\n<div class=\"et_pb_text_12 et_pb_text et_pb_bg_layout_light et_pb_module et_flex_module\"><div class=\"et_pb_text_inner\"><p>40 \u20ac<\/p>\n<\/div><\/div>\n<\/div>\n<\/div>\n\n<div class=\"et_pb_row_13 et_pb_row et_flex_row\">\n<div class=\"et_pb_column_25 et_pb_column et_flex_column et_pb_css_mix_blend_mode_passthrough et_flex_column_18_24 et_flex_column_18_24_tablet et_flex_column_24_24_phone\">\n<ul class=\"et_pb_icon_list_12 et_pb_icon_list et_pb_module et_flex_module\">\n<li class=\"et_pb_icon_list_item_12 et_pb_icon_list_item et_pb_module et_flex_module\"><span class=\"et-pb-icon\">N<\/span><div class=\"et_pb_icon_list_text\">Machine barbe a papa<\/div><\/li>\n<\/ul>\n<\/div>\n\n<div class=\"et_pb_column_26 et_pb_column et-last-child et_flex_column et_pb_css_mix_blend_mode_passthrough et_flex_column_6_24 et_flex_column_6_24_tablet et_flex_column_24_24_phone\">\n<div class=\"et_pb_text_13 et_pb_text et_pb_bg_layout_light et_pb_module et_flex_module\"><div class=\"et_pb_text_inner\"><p>40 \u20ac<\/p>\n<\/div><\/div>\n<\/div>\n<\/div>\n\n<div class=\"et_pb_row_14 et_pb_row et_flex_row\">\n<div class=\"et_pb_column_27 et_pb_column et_flex_column et_pb_css_mix_blend_mode_passthrough et_flex_column_18_24 et_flex_column_18_24_tablet et_flex_column_24_24_phone\">\n<ul class=\"et_pb_icon_list_13 et_pb_icon_list et_pb_module et_flex_module\">\n<li class=\"et_pb_icon_list_item_13 et_pb_icon_list_item et_pb_module et_flex_module\"><span class=\"et-pb-icon\">N<\/span><div class=\"et_pb_icon_list_text\">Ch\u00e2teau gonflable pour enfant - 6 ans<\/div><\/li>\n<\/ul>\n<\/div>\n\n<div class=\"et_pb_column_28 et_pb_column et-last-child et_flex_column et_pb_css_mix_blend_mode_passthrough et_flex_column_6_24 et_flex_column_6_24_tablet et_flex_column_24_24_phone\">\n<div class=\"et_pb_text_14 et_pb_text et_pb_bg_layout_light et_pb_module et_flex_module\"><div class=\"et_pb_text_inner\"><p>50 \u20ac<\/p>\n<\/div><\/div>\n<\/div>\n<\/div>\n\n<div class=\"et_pb_row_15 et_pb_row et_flex_row\">\n<div class=\"et_pb_column_29 et_pb_column et_flex_column et_pb_css_mix_blend_mode_passthrough et_flex_column_18_24 et_flex_column_18_24_tablet et_flex_column_24_24_phone\">\n<ul class=\"et_pb_icon_list_14 et_pb_icon_list et_pb_module et_flex_module\">\n<li class=\"et_pb_icon_list_item_14 et_pb_icon_list_item et_pb_module et_flex_module\"><span class=\"et-pb-icon\">N<\/span><div class=\"et_pb_icon_list_text\">Groupe \u00e9lectrog\u00e8ne essence - 4 000 W<\/div><\/li>\n<\/ul>\n<\/div>\n\n<div class=\"et_pb_column_30 et_pb_column et-last-child et_flex_column et_pb_css_mix_blend_mode_passthrough et_flex_column_6_24 et_flex_column_6_24_tablet et_flex_column_24_24_phone\">\n<div class=\"et_pb_text_15 et_pb_text et_pb_bg_layout_light et_pb_module et_flex_module\"><div class=\"et_pb_text_inner\"><p>50 \u20ac<\/p>\n<\/div><\/div>\n<\/div>\n<\/div>\n\n<div class=\"et_pb_row_16 et_pb_row et_flex_row\">\n<div class=\"et_pb_column_31 et_pb_column et-last-child et_flex_column et_pb_css_mix_blend_mode_passthrough et_flex_column_24_24 et_flex_column_24_24_tablet et_flex_column_24_24_phone\">\n<div class=\"et_pb_text_16 et_pb_text et_pb_bg_layout_light et_pb_module et_flex_module\"><div class=\"et_pb_text_inner\"><p>Pas de location possible au del\u00e0 de 25 Kilom\u00e8tres.<\/p>\n<p>La caution varie selon les quantit\u00e9s lou\u00e9es.<\/p>\n<\/div><\/div>\n<\/div>\n<\/div>\n<\/div>","protected":false},"excerpt":{"rendered":"","protected":false},"author":1,"featured_media":0,"parent":288,"menu_order":0,"comment_status":"closed","ping_status":"closed","template":"","meta":{"_acf_changed":false,"footnotes":""},"class_list":["post-400","page","type-page","status-publish","hentry"],"acf":[],"_links":{"self":[{"href":"https:\/\/demainsite.fr\/actidem\/wp-json\/wp\/v2\/pages\/400","targetHints":{"allow":["GET"]}}],"collection":[{"href":"https:\/\/demainsite.fr\/actidem\/wp-json\/wp\/v2\/pages"}],"about":[{"href":"https:\/\/demainsite.fr\/actidem\/wp-json\/wp\/v2\/types\/page"}],"author":[{"embeddable":true,"href":"https:\/\/demainsite.fr\/actidem\/wp-json\/wp\/v2\/users\/1"}],"replies":[{"embeddable":true,"href":"https:\/\/demainsite.fr\/actidem\/wp-json\/wp\/v2\/comments?post=400"}],"version-history":[{"count":23,"href":"https:\/\/demainsite.fr\/actidem\/wp-json\/wp\/v2\/pages\/400\/revisions"}],"predecessor-version":[{"id":442,"href":"https:\/\/demainsite.fr\/actidem\/wp-json\/wp\/v2\/pages\/400\/revisions\/442"}],"up":[{"embeddable":true,"href":"https:\/\/demainsite.fr\/actidem\/wp-json\/wp\/v2\/pages\/288"}],"wp:attachment":[{"href":"https:\/\/demainsite.fr\/actidem\/wp-json\/wp\/v2\/media?parent=400"}],"curies":[{"name":"wp","href":"https:\/\/api.w.org\/{rel}","templated":true}]}}