{"id":460,"date":"2026-04-20T09:43:46","date_gmt":"2026-04-20T07:43:46","guid":{"rendered":"https:\/\/demainsite.fr\/actidem\/?post_type=product&#038;p=460"},"modified":"2026-04-20T18:35:18","modified_gmt":"2026-04-20T16:35:18","slug":"brouette","status":"publish","type":"product","link":"https:\/\/demainsite.fr\/actidem\/produit\/brouette\/","title":{"rendered":"Brouette"},"content":{"rendered":"<p>Besoin de transporter facilement de la terre, des gravats, du bois ou du mat\u00e9riel\u202f?<\/p>\n<div>\n<p><strong>Z\u2019A Louer vous propose la location de brouettes<\/strong>, adapt\u00e9es \u00e0 vos travaux de jardinage, de bricolage ou de petits chantiers.<\/p>\n<p>Pratique et robuste, la brouette est l\u2019outil indispensable pour gagner du temps et limiter les efforts. Que ce soit pour une utilisation ponctuelle ou sur plusieurs jours, nous mettons \u00e0 votre disposition un \u00e9quipement fiable, propre et pr\u00eat \u00e0 l\u2019emploi.<\/p>\n<h3>\u2705 Id\u00e9ale pour :<\/h3>\n<ul>\n<li>Travaux de jardin et espaces verts<\/li>\n<li>Bricolage et r\u00e9novation<\/li>\n<li>Transport de mat\u00e9riaux (terre, sable, gravats, bois\u2026)<\/li>\n<li>Usage ponctuel pour particuliers et professionnels<\/li>\n<\/ul>\n<h3>\u2705 Les avantages Z\u2019A Louer :<\/h3>\n<ul>\n<li>Location simple et rapide<\/li>\n<li>Mat\u00e9riel contr\u00f4l\u00e9 et entretenu<\/li>\n<li>Dur\u00e9e de location flexible<\/li>\n<li>Solution \u00e9conomique sans achat<\/li>\n<\/ul>\n<p>\ud83d\udc49 <strong>Z\u2019A Louer, c\u2019est la solution pratique pour vos travaux, sans contrainte.<\/strong><\/p>\n<\/div>\n","protected":false},"excerpt":{"rendered":"<div>Louez une brouette pour transporter facilement vos mat\u00e9riaux<\/div>\n","protected":false},"featured_media":524,"comment_status":"open","ping_status":"closed","template":"","meta":{"_acf_changed":false},"product_brand":[],"product_cat":[29],"product_tag":[24],"class_list":{"0":"post-460","1":"product","2":"type-product","3":"status-publish","4":"has-post-thumbnail","6":"product_cat-pour-vos-travaux","7":"product_tag-brouette","8":"pa_tarifs-temps-de-location-journee","10":"first","11":"instock","12":"shipping-taxable","13":"purchasable","14":"product-type-simple"},"acf":[],"_links":{"self":[{"href":"https:\/\/demainsite.fr\/actidem\/wp-json\/wp\/v2\/product\/460","targetHints":{"allow":["GET"]}}],"collection":[{"href":"https:\/\/demainsite.fr\/actidem\/wp-json\/wp\/v2\/product"}],"about":[{"href":"https:\/\/demainsite.fr\/actidem\/wp-json\/wp\/v2\/types\/product"}],"replies":[{"embeddable":true,"href":"https:\/\/demainsite.fr\/actidem\/wp-json\/wp\/v2\/comments?post=460"}],"wp:featuredmedia":[{"embeddable":true,"href":"https:\/\/demainsite.fr\/actidem\/wp-json\/wp\/v2\/media\/524"}],"wp:attachment":[{"href":"https:\/\/demainsite.fr\/actidem\/wp-json\/wp\/v2\/media?parent=460"}],"wp:term":[{"taxonomy":"product_brand","embeddable":true,"href":"https:\/\/demainsite.fr\/actidem\/wp-json\/wp\/v2\/product_brand?post=460"},{"taxonomy":"product_cat","embeddable":true,"href":"https:\/\/demainsite.fr\/actidem\/wp-json\/wp\/v2\/product_cat?post=460"},{"taxonomy":"product_tag","embeddable":true,"href":"https:\/\/demainsite.fr\/actidem\/wp-json\/wp\/v2\/product_tag?post=460"}],"curies":[{"name":"wp","href":"https:\/\/api.w.org\/{rel}","templated":true}]}}