{"id":711,"date":"2026-04-21T09:17:49","date_gmt":"2026-04-21T07:17:49","guid":{"rendered":"https:\/\/demainsite.fr\/actidem\/?post_type=product&#038;p=711"},"modified":"2026-04-21T09:24:12","modified_gmt":"2026-04-21T07:24:12","slug":"tonnelles-de-reception-6-metres-x-3-metres","status":"publish","type":"product","link":"https:\/\/demainsite.fr\/actidem\/produit\/tonnelles-de-reception-6-metres-x-3-metres\/","title":{"rendered":"Tonnelles de reception (6 M\u00e9tres x 3 M\u00e9tres)"},"content":{"rendered":"<p><strong>Location Z\u2019A Louer \u2013 Tonnelle de r\u00e9ception 6 m x 3 m<\/strong><\/p>\n<div>\n<p>Id\u00e9ale pour vos \u00e9v\u00e9nements, cette tonnelle de 6 x 3 m\u00e8tres offre un espace couvert pratique et \u00e9l\u00e9gant pour repas, f\u00eates, manifestations ou r\u00e9ceptions en ext\u00e9rieur.<br \/>\nStructure stable, montage facile, protection efficace contre le soleil et les intemp\u00e9ries.<\/p>\n<p>\ud83d\udc49 <strong>Parfaite pour :<\/strong> mariages, anniversaires, f\u00eates associatives, \u00e9v\u00e9nements priv\u00e9s ou professionnels.<\/p>\n<\/div>\n","protected":false},"excerpt":{"rendered":"<p>Location Z\u2019A Louer \u2013 Tonnelle de r\u00e9ception 6 m x 3 m Id\u00e9ale pour vos \u00e9v\u00e9nements, cette tonnelle de 6 x 3 m\u00e8tres offre un espace couvert pratique et \u00e9l\u00e9gant pour repas, f\u00eates, manifestations ou r\u00e9ceptions en ext\u00e9rieur. Structure stable, montage facile, protection efficace contre le soleil et les intemp\u00e9ries. \ud83d\udc49 Parfaite pour : mariages, [&hellip;]<\/p>\n","protected":false},"featured_media":0,"comment_status":"open","ping_status":"closed","template":"","meta":{"_acf_changed":false},"product_brand":[],"product_cat":[30],"product_tag":[40,41,42,52,53],"class_list":{"0":"post-711","1":"product","2":"type-product","3":"status-publish","5":"product_cat-pour-vos-receptions","6":"product_tag-location","7":"product_tag-louer","8":"product_tag-reception","9":"product_tag-tonnelles","10":"product_tag-za","11":"pa_tarifs-temps-de-location-week-end","13":"first","14":"instock","15":"sold-individually","16":"shipping-taxable","17":"purchasable","18":"product-type-simple"},"acf":[],"_links":{"self":[{"href":"https:\/\/demainsite.fr\/actidem\/wp-json\/wp\/v2\/product\/711","targetHints":{"allow":["GET"]}}],"collection":[{"href":"https:\/\/demainsite.fr\/actidem\/wp-json\/wp\/v2\/product"}],"about":[{"href":"https:\/\/demainsite.fr\/actidem\/wp-json\/wp\/v2\/types\/product"}],"replies":[{"embeddable":true,"href":"https:\/\/demainsite.fr\/actidem\/wp-json\/wp\/v2\/comments?post=711"}],"wp:attachment":[{"href":"https:\/\/demainsite.fr\/actidem\/wp-json\/wp\/v2\/media?parent=711"}],"wp:term":[{"taxonomy":"product_brand","embeddable":true,"href":"https:\/\/demainsite.fr\/actidem\/wp-json\/wp\/v2\/product_brand?post=711"},{"taxonomy":"product_cat","embeddable":true,"href":"https:\/\/demainsite.fr\/actidem\/wp-json\/wp\/v2\/product_cat?post=711"},{"taxonomy":"product_tag","embeddable":true,"href":"https:\/\/demainsite.fr\/actidem\/wp-json\/wp\/v2\/product_tag?post=711"}],"curies":[{"name":"wp","href":"https:\/\/api.w.org\/{rel}","templated":true}]}}