{"id":768,"date":"2026-04-21T12:15:01","date_gmt":"2026-04-21T10:15:01","guid":{"rendered":"https:\/\/demainsite.fr\/actidem\/?post_type=product&#038;p=768"},"modified":"2026-04-21T15:16:37","modified_gmt":"2026-04-21T13:16:37","slug":"poelon-paella","status":"publish","type":"product","link":"https:\/\/demainsite.fr\/actidem\/produit\/poelon-paella\/","title":{"rendered":"Po\u00ealon paella"},"content":{"rendered":"<p>\ud83e\udd58 Location po\u00ealon \u00e0 paella \u2013 100 personnes<\/p>\n<p>Pour particuliers &amp; professionnels<br \/>\n\ud83d\udc68\u200d\ud83d\udc69\u200d\ud83d\udc67\u200d\ud83d\udc66 Pour les particuliers<\/p>\n<p>Envie d\u2019un repas spectaculaire pour marquer les esprits ?<br \/>\nAvec le po\u00ealon \u00e0 paella g\u00e9ant Z\u2019A, r\u00e9galez jusqu\u2019\u00e0 100 personnes et cr\u00e9ez une ambiance festive inoubliable !<\/p>\n<p>\u2705 Id\u00e9al pour anniversaires, f\u00eates de famille, mariages, cousinades<br \/>\n\u2705 Grande capacit\u00e9, cuisson homog\u00e8ne<br \/>\n\u2705 Paella conviviale, effet \u201cwaouh\u201d garanti<br \/>\n\u2705 Simple, robuste et efficace<\/p>\n<p>\ud83d\udc49 Transformez votre \u00e9v\u00e9nement en v\u00e9ritable moment de partage.<\/p>\n<p>\ud83c\udfe2 Pour les professionnels &amp; associations<\/p>\n<p>Organisez vos \u00e9v\u00e9nements en toute simplicit\u00e9 avec la location du po\u00ealon \u00e0 paella 100 personnes Z\u2019A.<br \/>\nLa solution id\u00e9ale pour les repas collectifs, \u00e9v\u00e9nements associatifs, f\u00eates d\u2019entreprise, comit\u00e9s, collectivit\u00e9s et animations grand public.<\/p>\n<p>\u2705 Mat\u00e9riel adapt\u00e9 aux grands volumes<br \/>\n\u2705 Fiable et con\u00e7u pour un usage intensif<br \/>\n\u2705 Parfait pour \u00e9v\u00e9nements ext\u00e9rieurs<br \/>\n\u2705 Image professionnelle et conviviale<\/p>\n<p>\ud83d\udc49 Un \u00e9quipement efficace pour des \u00e9v\u00e9nements r\u00e9ussis.<\/p>\n<audio class=\"wp-audio-shortcode\" id=\"audio-768-1\" preload=\"none\" style=\"width: 100%;\" controls=\"controls\"><source type=\"audio\/mpeg\" src=\"https:\/\/demainsite.fr\/actidem\/wp-content\/uploads\/sites\/15\/2026\/04\/Le-Grand-Poelon.mp3?_=1\" \/><a href=\"https:\/\/demainsite.fr\/actidem\/wp-content\/uploads\/sites\/15\/2026\/04\/Le-Grand-Poelon.mp3\">https:\/\/demainsite.fr\/actidem\/wp-content\/uploads\/sites\/15\/2026\/04\/Le-Grand-Poelon.mp3<\/a><\/audio>\n<p>&nbsp;<\/p>\n","protected":false},"excerpt":{"rendered":"<p>\ud83e\udd58 Location po\u00ealon \u00e0 paella \u2013 100 personnes Pour particuliers &amp; professionnels \ud83d\udc68\u200d\ud83d\udc69\u200d\ud83d\udc67\u200d\ud83d\udc66 Pour les particuliers Envie d\u2019un repas spectaculaire pour marquer les esprits ? Avec le po\u00ealon \u00e0 paella g\u00e9ant Z\u2019A, r\u00e9galez jusqu\u2019\u00e0 100 personnes et cr\u00e9ez une ambiance festive inoubliable ! \u2705 Id\u00e9al pour anniversaires, f\u00eates de famille, mariages, cousinades \u2705 Grande capacit\u00e9, [&hellip;]<\/p>\n","protected":false},"featured_media":779,"comment_status":"open","ping_status":"closed","template":"","meta":{"_acf_changed":false},"product_brand":[],"product_cat":[30],"product_tag":[],"class_list":{"0":"post-768","1":"product","2":"type-product","3":"status-publish","4":"has-post-thumbnail","6":"product_cat-pour-vos-receptions","7":"pa_tarifs-temps-de-location-week-end","9":"first","10":"instock","11":"sold-individually","12":"shipping-taxable","13":"purchasable","14":"product-type-simple"},"acf":[],"_links":{"self":[{"href":"https:\/\/demainsite.fr\/actidem\/wp-json\/wp\/v2\/product\/768","targetHints":{"allow":["GET"]}}],"collection":[{"href":"https:\/\/demainsite.fr\/actidem\/wp-json\/wp\/v2\/product"}],"about":[{"href":"https:\/\/demainsite.fr\/actidem\/wp-json\/wp\/v2\/types\/product"}],"replies":[{"embeddable":true,"href":"https:\/\/demainsite.fr\/actidem\/wp-json\/wp\/v2\/comments?post=768"}],"wp:featuredmedia":[{"embeddable":true,"href":"https:\/\/demainsite.fr\/actidem\/wp-json\/wp\/v2\/media\/779"}],"wp:attachment":[{"href":"https:\/\/demainsite.fr\/actidem\/wp-json\/wp\/v2\/media?parent=768"}],"wp:term":[{"taxonomy":"product_brand","embeddable":true,"href":"https:\/\/demainsite.fr\/actidem\/wp-json\/wp\/v2\/product_brand?post=768"},{"taxonomy":"product_cat","embeddable":true,"href":"https:\/\/demainsite.fr\/actidem\/wp-json\/wp\/v2\/product_cat?post=768"},{"taxonomy":"product_tag","embeddable":true,"href":"https:\/\/demainsite.fr\/actidem\/wp-json\/wp\/v2\/product_tag?post=768"}],"curies":[{"name":"wp","href":"https:\/\/api.w.org\/{rel}","templated":true}]}}