{"id":780,"date":"2026-04-21T14:17:53","date_gmt":"2026-04-21T12:17:53","guid":{"rendered":"https:\/\/demainsite.fr\/actidem\/?post_type=product&#038;p=780"},"modified":"2026-04-21T15:19:20","modified_gmt":"2026-04-21T13:19:20","slug":"chateau-gonflable-pour-enfant","status":"publish","type":"product","link":"https:\/\/demainsite.fr\/actidem\/produit\/chateau-gonflable-pour-enfant\/","title":{"rendered":"Ch\u00e2teau gonflable pour enfant"},"content":{"rendered":"<p><span style=\"color: #333333; font-size: 26px;\">\ud83c\udf89 Faites briller les yeux des enfants avec le ch\u00e2teau gonflable Z\u2019A !<\/span><\/p>\n<div>\n<p>Pour un anniversaire ou une f\u00eate r\u00e9ussie, <strong>Z\u2019A loue un ch\u00e2teau gonflable sp\u00e9cialement con\u00e7u pour les enfants de moins de 6 ans<\/strong>.<br \/>\nColor\u00e9, amusant et parfaitement adapt\u00e9 aux tout-petits, il garantit <strong>des heures de rires, de sauts et de bonheur<\/strong> en toute s\u00e9curit\u00e9.<\/p>\n<p>\u2728 <strong>Le jeu pr\u00e9f\u00e9r\u00e9 des enfants<\/strong><br \/>\n\ud83d\udee1\ufe0f <strong>Con\u00e7u pour les plus jeunes<\/strong><br \/>\n\ud83c\udf88 <strong>Animation cl\u00e9 en main pour vos \u00e9v\u00e9nements<\/strong><\/p>\n<p>Anniversaire, f\u00eate familiale ou \u00e9v\u00e9nement associatif : avec Z\u2019A, vous \u00eates s\u00fbr de faire plaisir et de cr\u00e9er des souvenirs inoubliables.<\/p>\n<p>\ud83d\udc49 <strong>Louez la bonne humeur pour les petits !<\/strong><br \/>\n\ud83d\udc49 <strong>Particuliers et professionnels bienvenus<\/strong><\/p>\n<\/div>\n","protected":false},"excerpt":{"rendered":"<p>\ud83c\udf89 Faites briller les yeux des enfants avec le ch\u00e2teau gonflable Z\u2019A ! Pour un anniversaire ou une f\u00eate r\u00e9ussie, Z\u2019A loue un ch\u00e2teau gonflable sp\u00e9cialement con\u00e7u pour les enfants de moins de 6 ans. Color\u00e9, amusant et parfaitement adapt\u00e9 aux tout-petits, il garantit des heures de rires, de sauts et de bonheur en toute [&hellip;]<\/p>\n","protected":false},"featured_media":781,"comment_status":"open","ping_status":"closed","template":"","meta":{"_acf_changed":false},"product_brand":[],"product_cat":[30],"product_tag":[68,69,40,41,70],"class_list":{"0":"post-780","1":"product","2":"type-product","3":"status-publish","4":"has-post-thumbnail","6":"product_cat-pour-vos-receptions","7":"product_tag-chateau","8":"product_tag-gonflable","9":"product_tag-location","10":"product_tag-louer","11":"product_tag-receptions","12":"pa_tarifs-temps-de-location-week-end","14":"first","15":"instock","16":"featured","17":"sold-individually","18":"shipping-taxable","19":"purchasable","20":"product-type-simple"},"acf":[],"_links":{"self":[{"href":"https:\/\/demainsite.fr\/actidem\/wp-json\/wp\/v2\/product\/780","targetHints":{"allow":["GET"]}}],"collection":[{"href":"https:\/\/demainsite.fr\/actidem\/wp-json\/wp\/v2\/product"}],"about":[{"href":"https:\/\/demainsite.fr\/actidem\/wp-json\/wp\/v2\/types\/product"}],"replies":[{"embeddable":true,"href":"https:\/\/demainsite.fr\/actidem\/wp-json\/wp\/v2\/comments?post=780"}],"wp:featuredmedia":[{"embeddable":true,"href":"https:\/\/demainsite.fr\/actidem\/wp-json\/wp\/v2\/media\/781"}],"wp:attachment":[{"href":"https:\/\/demainsite.fr\/actidem\/wp-json\/wp\/v2\/media?parent=780"}],"wp:term":[{"taxonomy":"product_brand","embeddable":true,"href":"https:\/\/demainsite.fr\/actidem\/wp-json\/wp\/v2\/product_brand?post=780"},{"taxonomy":"product_cat","embeddable":true,"href":"https:\/\/demainsite.fr\/actidem\/wp-json\/wp\/v2\/product_cat?post=780"},{"taxonomy":"product_tag","embeddable":true,"href":"https:\/\/demainsite.fr\/actidem\/wp-json\/wp\/v2\/product_tag?post=780"}],"curies":[{"name":"wp","href":"https:\/\/api.w.org\/{rel}","templated":true}]}}